{"id":822,"date":"2024-03-21T17:14:42","date_gmt":"2024-03-21T23:14:42","guid":{"rendered":"https:\/\/revista.cmdpguadalupecr.com\/?page_id=822"},"modified":"2025-08-28T22:41:03","modified_gmt":"2025-08-29T04:41:03","slug":"misterios-de-la-cienciaa","status":"publish","type":"page","link":"https:\/\/revista.cmdpguadalupecr.com\/?page_id=822","title":{"rendered":"&#8220;\u00a1Eureka!&#8221;"},"content":{"rendered":"\n<p class=\"has-normal-font-size\">Gira educativa al Jard\u00edn Bot\u00e1nico Lankester<\/p>\n\n\n\n<p class=\"has-upper-heading-font-size\"><style>\/*! elementor - v3.20.0 - 10-04-2024 *\/&lt;br \/> .elementor-widget-divider{--divider-border-style:none;--divider-border-width:1px;--divider-color:#0c0d0e;--divider-icon-size:20px;--divider-element-spacing:10px;--divider-pattern-height:24px;--divider-pattern-size:20px;--divider-pattern-url:none;--divider-pattern-repeat:repeat-x}.elementor-widget-divider .elementor-divider{display:flex}.elementor-widget-divider .elementor-divider__text{font-size:15px;line-height:1;max-width:95%}.elementor-widget-divider .elementor-divider__element{margin:0 var(--divider-element-spacing);flex-shrink:0}.elementor-widget-divider .elementor-icon{font-size:var(--divider-icon-size)}.elementor-widget-divider .elementor-divider-separator{display:flex;margin:0;direction:ltr}.elementor-widget-divider--view-line_icon .elementor-divider-separator,.elementor-widget-divider--view-line_text .elementor-divider-separator{align-items:center}.elementor-widget-divider--view-line_icon .elementor-divider-separator:after,.elementor-widget-divider--view-line_icon .elementor-divider-separator:before,.elementor-widget-divider--view-line_text .elementor-divider-separator:after,.elementor-widget-divider--view-line_text .elementor-divider-separator:before{display:block;content:\"\";border-block-end:0;flex-grow:1;border-block-start:var(--divider-border-width) var(--divider-border-style) var(--divider-color)}.elementor-widget-divider--element-align-left .elementor-divider .elementor-divider-separator>.elementor-divider__svg:first-of-type{flex-grow:0;flex-shrink:100}.elementor-widget-divider--element-align-left .elementor-divider-separator:before{content:none}.elementor-widget-divider--element-align-left .elementor-divider__element{margin-left:0}.elementor-widget-divider--element-align-right .elementor-divider .elementor-divider-separator>.elementor-divider__svg:last-of-type{flex-grow:0;flex-shrink:100}.elementor-widget-divider--element-align-right .elementor-divider-separator:after{content:none}.elementor-widget-divider--element-align-right .elementor-divider__element{margin-right:0}.elementor-widget-divider--element-align-start .elementor-divider .elementor-divider-separator>.elementor-divider__svg:first-of-type{flex-grow:0;flex-shrink:100}.elementor-widget-divider--element-align-start .elementor-divider-separator:before{content:none}.elementor-widget-divider--element-align-start .elementor-divider__element{margin-inline-start:0}.elementor-widget-divider--element-align-end .elementor-divider .elementor-divider-separator>.elementor-divider__svg:last-of-type{flex-grow:0;flex-shrink:100}.elementor-widget-divider--element-align-end .elementor-divider-separator:after{content:none}.elementor-widget-divider--element-align-end .elementor-divider__element{margin-inline-end:0}.elementor-widget-divider:not(.elementor-widget-divider--view-line_text):not(.elementor-widget-divider--view-line_icon) .elementor-divider-separator{border-block-start:var(--divider-border-width) var(--divider-border-style) var(--divider-color)}.elementor-widget-divider--separator-type-pattern{--divider-border-style:none}.elementor-widget-divider--separator-type-pattern.elementor-widget-divider--view-line .elementor-divider-separator,.elementor-widget-divider--separator-type-pattern:not(.elementor-widget-divider--view-line) .elementor-divider-separator:after,.elementor-widget-divider--separator-type-pattern:not(.elementor-widget-divider--view-line) .elementor-divider-separator:before,.elementor-widget-divider--separator-type-pattern:not([class*=elementor-widget-divider--view]) .elementor-divider-separator{width:100%;min-height:var(--divider-pattern-height);-webkit-mask-size:var(--divider-pattern-size) 100%;mask-size:var(--divider-pattern-size) 100%;-webkit-mask-repeat:var(--divider-pattern-repeat);mask-repeat:var(--divider-pattern-repeat);background-color:var(--divider-color);-webkit-mask-image:var(--divider-pattern-url);mask-image:var(--divider-pattern-url)}.elementor-widget-divider--no-spacing{--divider-pattern-size:auto}.elementor-widget-divider--bg-round{--divider-pattern-repeat:round}.rtl .elementor-widget-divider .elementor-divider__text{direction:rtl}.e-con-inner>.elementor-widget-divider,.e-con>.elementor-widget-divider{width:var(--container-widget-width,100%);--flex-grow:var(--container-widget-flex-grow)}<\/style> El pasado <strong>8 de mayo<\/strong>, los estudiantes de <strong>noveno a\u00f1o<\/strong> realizaron una enriquecedora gira educativa al <strong>Jard\u00edn Bot\u00e1nico Lankester por parte del Laboratorio de Ciencias Naturales<\/strong>, donde pudieron apreciar la biodiversidad de plantas nacionales e internacionales, as\u00ed como aprender sobre la importancia de la conservaci\u00f3n y el cuidado del medio ambiente.<style>\/*! elementor - v3.20.0 - 10-04-2024 *\/&lt;br \/> .elementor-heading-title{padding:0;margin:0;line-height:1}.elementor-widget-heading .elementor-heading-title[class*=elementor-size-]>a{color:inherit;font-size:inherit;line-height:inherit}.elementor-widget-heading .elementor-heading-title.elementor-size-small{font-size:15px}.elementor-widget-heading .elementor-heading-title.elementor-size-medium{font-size:19px}.elementor-widget-heading .elementor-heading-title.elementor-size-large{font-size:29px}.elementor-widget-heading .elementor-heading-title.elementor-size-xl{font-size:39px}.elementor-widget-heading .elementor-heading-title.elementor-size-xxl{font-size:59px}<\/style><\/p>\n\n\n\n<figure class=\"wp-block-video\"><video controls src=\"https:\/\/revista.cmdpguadalupecr.com\/wp-content\/uploads\/2025\/08\/WhatsApp-Video-2025-05-22-at-6.55.31-AM.mp4\"><\/video><\/figure>\n\n\n\n<figure class=\"wp-block-video\"><video src=\"https:\/\/revista.cmdpguadalupecr.com\/wp-content\/uploads\/2025\/08\/WhatsApp-Video-2025-05-14-at-20.16.15.mp4\"><\/video><\/figure>\n\n\n\n<figure class=\"wp-block-video\"><video controls src=\"https:\/\/revista.cmdpguadalupecr.com\/wp-content\/uploads\/2025\/08\/feef90ab-4812-4413-9ab8-20b50d5e6197.mp4\"><\/video><\/figure>\n\n\n\n<figure class=\"wp-block-video\"><video controls src=\"https:\/\/revista.cmdpguadalupecr.com\/wp-content\/uploads\/2025\/08\/Ultimas-noticias.mp4\"><\/video><\/figure>\n\n\n\n<p class=\"has-content-heading-font-size\">Planetario<\/p>\n\n\n\n<p class=\"has-upper-heading-font-size\">Los estudiantes de <strong>und\u00e9cimo a\u00f1o<\/strong> participaron en una visita al <strong>Planetario de la Universidad de Costa Rica<\/strong>, acompa\u00f1ados por el profesor de f\u00edsica y ciencias <strong>Fernando \u00c1lvarez<\/strong>. Durante la gira, tuvieron la oportunidad de explorar el fascinante mundo de la astronom\u00eda y reflexionar sobre la importancia de la ciencia en la comprensi\u00f3n del universo.<\/p>\n\n\n\n<figure class=\"wp-block-image size-large\"><img fetchpriority=\"high\" decoding=\"async\" width=\"1024\" height=\"768\" src=\"https:\/\/revista.cmdpguadalupecr.com\/wp-content\/uploads\/2025\/08\/Imagen-de-WhatsApp-2025-08-14-a-las-20.23.36_0f925442-1024x768.jpg\" alt=\"\" class=\"wp-image-1836\" srcset=\"https:\/\/revista.cmdpguadalupecr.com\/wp-content\/uploads\/2025\/08\/Imagen-de-WhatsApp-2025-08-14-a-las-20.23.36_0f925442-1024x768.jpg 1024w, https:\/\/revista.cmdpguadalupecr.com\/wp-content\/uploads\/2025\/08\/Imagen-de-WhatsApp-2025-08-14-a-las-20.23.36_0f925442-300x225.jpg 300w, https:\/\/revista.cmdpguadalupecr.com\/wp-content\/uploads\/2025\/08\/Imagen-de-WhatsApp-2025-08-14-a-las-20.23.36_0f925442-768x576.jpg 768w, https:\/\/revista.cmdpguadalupecr.com\/wp-content\/uploads\/2025\/08\/Imagen-de-WhatsApp-2025-08-14-a-las-20.23.36_0f925442-1536x1152.jpg 1536w, https:\/\/revista.cmdpguadalupecr.com\/wp-content\/uploads\/2025\/08\/Imagen-de-WhatsApp-2025-08-14-a-las-20.23.36_0f925442.jpg 1600w\" sizes=\"(max-width: 1024px) 100vw, 1024px\" \/><\/figure>\n\n\n\n<figure class=\"wp-block-image size-large\"><img decoding=\"async\" width=\"768\" height=\"1024\" src=\"https:\/\/revista.cmdpguadalupecr.com\/wp-content\/uploads\/2025\/08\/Imagen-de-WhatsApp-2025-08-14-a-las-20.23.37_0c3269d7-768x1024.jpg\" alt=\"\" class=\"wp-image-1837\" srcset=\"https:\/\/revista.cmdpguadalupecr.com\/wp-content\/uploads\/2025\/08\/Imagen-de-WhatsApp-2025-08-14-a-las-20.23.37_0c3269d7-768x1024.jpg 768w, https:\/\/revista.cmdpguadalupecr.com\/wp-content\/uploads\/2025\/08\/Imagen-de-WhatsApp-2025-08-14-a-las-20.23.37_0c3269d7-225x300.jpg 225w, https:\/\/revista.cmdpguadalupecr.com\/wp-content\/uploads\/2025\/08\/Imagen-de-WhatsApp-2025-08-14-a-las-20.23.37_0c3269d7-1152x1536.jpg 1152w, https:\/\/revista.cmdpguadalupecr.com\/wp-content\/uploads\/2025\/08\/Imagen-de-WhatsApp-2025-08-14-a-las-20.23.37_0c3269d7-60x80.jpg 60w, https:\/\/revista.cmdpguadalupecr.com\/wp-content\/uploads\/2025\/08\/Imagen-de-WhatsApp-2025-08-14-a-las-20.23.37_0c3269d7.jpg 1200w\" sizes=\"(max-width: 768px) 100vw, 768px\" \/><\/figure>\n\n\n\n<figure class=\"wp-block-image size-large\"><img decoding=\"async\" width=\"768\" height=\"1024\" src=\"https:\/\/revista.cmdpguadalupecr.com\/wp-content\/uploads\/2025\/08\/Imagen-de-WhatsApp-2025-08-14-a-las-20.23.36_9ef851a6-768x1024.jpg\" alt=\"\" class=\"wp-image-1838\" srcset=\"https:\/\/revista.cmdpguadalupecr.com\/wp-content\/uploads\/2025\/08\/Imagen-de-WhatsApp-2025-08-14-a-las-20.23.36_9ef851a6-768x1024.jpg 768w, https:\/\/revista.cmdpguadalupecr.com\/wp-content\/uploads\/2025\/08\/Imagen-de-WhatsApp-2025-08-14-a-las-20.23.36_9ef851a6-225x300.jpg 225w, https:\/\/revista.cmdpguadalupecr.com\/wp-content\/uploads\/2025\/08\/Imagen-de-WhatsApp-2025-08-14-a-las-20.23.36_9ef851a6-1152x1536.jpg 1152w, https:\/\/revista.cmdpguadalupecr.com\/wp-content\/uploads\/2025\/08\/Imagen-de-WhatsApp-2025-08-14-a-las-20.23.36_9ef851a6-60x80.jpg 60w, https:\/\/revista.cmdpguadalupecr.com\/wp-content\/uploads\/2025\/08\/Imagen-de-WhatsApp-2025-08-14-a-las-20.23.36_9ef851a6.jpg 1200w\" sizes=\"(max-width: 768px) 100vw, 768px\" \/><\/figure>\n\n\n\n<figure class=\"wp-block-image size-large\"><img loading=\"lazy\" decoding=\"async\" width=\"768\" height=\"1024\" src=\"https:\/\/revista.cmdpguadalupecr.com\/wp-content\/uploads\/2025\/08\/Imagen-de-WhatsApp-2025-08-14-a-las-20.23.37_41d06f76-768x1024.jpg\" alt=\"\" class=\"wp-image-1839\" srcset=\"https:\/\/revista.cmdpguadalupecr.com\/wp-content\/uploads\/2025\/08\/Imagen-de-WhatsApp-2025-08-14-a-las-20.23.37_41d06f76-768x1024.jpg 768w, https:\/\/revista.cmdpguadalupecr.com\/wp-content\/uploads\/2025\/08\/Imagen-de-WhatsApp-2025-08-14-a-las-20.23.37_41d06f76-225x300.jpg 225w, https:\/\/revista.cmdpguadalupecr.com\/wp-content\/uploads\/2025\/08\/Imagen-de-WhatsApp-2025-08-14-a-las-20.23.37_41d06f76-1152x1536.jpg 1152w, https:\/\/revista.cmdpguadalupecr.com\/wp-content\/uploads\/2025\/08\/Imagen-de-WhatsApp-2025-08-14-a-las-20.23.37_41d06f76-60x80.jpg 60w, https:\/\/revista.cmdpguadalupecr.com\/wp-content\/uploads\/2025\/08\/Imagen-de-WhatsApp-2025-08-14-a-las-20.23.37_41d06f76.jpg 1200w\" sizes=\"(max-width: 768px) 100vw, 768px\" \/><\/figure>\n\n\n\n<p>Capacitaci\u00f3n Universidad Pedag\u00f3gica Nacional de Colombia<\/p>\n\n\n\n<p class=\"has-upper-heading-font-size\">\u00a0El <strong>6 de agosto<\/strong>, el docente de laboratorio de ciencias naturales <strong>Dalvin Rodr\u00edguez<\/strong> represent\u00f3 a la instituci\u00f3n en la <strong>Universidad Pedag\u00f3gica Nacional de Colombia<\/strong>, donde capacit\u00f3 a futuros docentes colombianos en estrategias innovadoras para la ense\u00f1anza de la qu\u00edmica, destacando el uso de <strong>c\u00f3mics<\/strong> como recurso did\u00e1ctico para motivar el aprendizaje cient\u00edfico.<\/p>\n\n\n\n<figure class=\"wp-block-image size-large\"><img loading=\"lazy\" decoding=\"async\" width=\"768\" height=\"1024\" src=\"https:\/\/revista.cmdpguadalupecr.com\/wp-content\/uploads\/2025\/08\/Imagen-de-WhatsApp-2025-08-17-a-las-22.09.11_4140bc62-768x1024.jpg\" alt=\"\" class=\"wp-image-1842\" srcset=\"https:\/\/revista.cmdpguadalupecr.com\/wp-content\/uploads\/2025\/08\/Imagen-de-WhatsApp-2025-08-17-a-las-22.09.11_4140bc62-768x1023.jpg 768w, https:\/\/revista.cmdpguadalupecr.com\/wp-content\/uploads\/2025\/08\/Imagen-de-WhatsApp-2025-08-17-a-las-22.09.11_4140bc62-225x300.jpg 225w, https:\/\/revista.cmdpguadalupecr.com\/wp-content\/uploads\/2025\/08\/Imagen-de-WhatsApp-2025-08-17-a-las-22.09.11_4140bc62-1153x1536.jpg 1153w, https:\/\/revista.cmdpguadalupecr.com\/wp-content\/uploads\/2025\/08\/Imagen-de-WhatsApp-2025-08-17-a-las-22.09.11_4140bc62-60x80.jpg 60w, https:\/\/revista.cmdpguadalupecr.com\/wp-content\/uploads\/2025\/08\/Imagen-de-WhatsApp-2025-08-17-a-las-22.09.11_4140bc62.jpg 1200w\" sizes=\"(max-width: 768px) 100vw, 768px\" \/><\/figure>\n\n\n\n<figure class=\"wp-block-image size-large\"><img loading=\"lazy\" decoding=\"async\" width=\"1024\" height=\"768\" src=\"https:\/\/revista.cmdpguadalupecr.com\/wp-content\/uploads\/2025\/08\/Imagen-de-WhatsApp-2025-08-17-a-las-22.09.10_2d5a1824-1024x768.jpg\" alt=\"\" class=\"wp-image-1843\" srcset=\"https:\/\/revista.cmdpguadalupecr.com\/wp-content\/uploads\/2025\/08\/Imagen-de-WhatsApp-2025-08-17-a-las-22.09.10_2d5a1824-1024x768.jpg 1024w, https:\/\/revista.cmdpguadalupecr.com\/wp-content\/uploads\/2025\/08\/Imagen-de-WhatsApp-2025-08-17-a-las-22.09.10_2d5a1824-300x225.jpg 300w, https:\/\/revista.cmdpguadalupecr.com\/wp-content\/uploads\/2025\/08\/Imagen-de-WhatsApp-2025-08-17-a-las-22.09.10_2d5a1824-768x576.jpg 768w, https:\/\/revista.cmdpguadalupecr.com\/wp-content\/uploads\/2025\/08\/Imagen-de-WhatsApp-2025-08-17-a-las-22.09.10_2d5a1824-1536x1152.jpg 1536w, https:\/\/revista.cmdpguadalupecr.com\/wp-content\/uploads\/2025\/08\/Imagen-de-WhatsApp-2025-08-17-a-las-22.09.10_2d5a1824.jpg 1600w\" sizes=\"(max-width: 1024px) 100vw, 1024px\" \/><\/figure>\n\n\n\n<figure class=\"wp-block-image size-large\"><img loading=\"lazy\" decoding=\"async\" width=\"768\" height=\"1024\" src=\"https:\/\/revista.cmdpguadalupecr.com\/wp-content\/uploads\/2025\/08\/Imagen-de-WhatsApp-2025-08-17-a-las-22.09.10_4cf48641-768x1024.jpg\" alt=\"\" class=\"wp-image-1844\" srcset=\"https:\/\/revista.cmdpguadalupecr.com\/wp-content\/uploads\/2025\/08\/Imagen-de-WhatsApp-2025-08-17-a-las-22.09.10_4cf48641-768x1024.jpg 768w, https:\/\/revista.cmdpguadalupecr.com\/wp-content\/uploads\/2025\/08\/Imagen-de-WhatsApp-2025-08-17-a-las-22.09.10_4cf48641-225x300.jpg 225w, https:\/\/revista.cmdpguadalupecr.com\/wp-content\/uploads\/2025\/08\/Imagen-de-WhatsApp-2025-08-17-a-las-22.09.10_4cf48641-1152x1536.jpg 1152w, https:\/\/revista.cmdpguadalupecr.com\/wp-content\/uploads\/2025\/08\/Imagen-de-WhatsApp-2025-08-17-a-las-22.09.10_4cf48641-60x80.jpg 60w, https:\/\/revista.cmdpguadalupecr.com\/wp-content\/uploads\/2025\/08\/Imagen-de-WhatsApp-2025-08-17-a-las-22.09.10_4cf48641.jpg 1200w\" sizes=\"(max-width: 768px) 100vw, 768px\" \/><\/figure>\n\n\n\n<figure class=\"wp-block-image size-large\"><img loading=\"lazy\" decoding=\"async\" width=\"1024\" height=\"768\" src=\"https:\/\/revista.cmdpguadalupecr.com\/wp-content\/uploads\/2025\/08\/Imagen-de-WhatsApp-2025-08-17-a-las-22.09.10_e35f786a-1024x768.jpg\" alt=\"\" class=\"wp-image-1846\" srcset=\"https:\/\/revista.cmdpguadalupecr.com\/wp-content\/uploads\/2025\/08\/Imagen-de-WhatsApp-2025-08-17-a-las-22.09.10_e35f786a-1024x768.jpg 1024w, https:\/\/revista.cmdpguadalupecr.com\/wp-content\/uploads\/2025\/08\/Imagen-de-WhatsApp-2025-08-17-a-las-22.09.10_e35f786a-300x225.jpg 300w, https:\/\/revista.cmdpguadalupecr.com\/wp-content\/uploads\/2025\/08\/Imagen-de-WhatsApp-2025-08-17-a-las-22.09.10_e35f786a-768x576.jpg 768w, https:\/\/revista.cmdpguadalupecr.com\/wp-content\/uploads\/2025\/08\/Imagen-de-WhatsApp-2025-08-17-a-las-22.09.10_e35f786a-1536x1152.jpg 1536w, https:\/\/revista.cmdpguadalupecr.com\/wp-content\/uploads\/2025\/08\/Imagen-de-WhatsApp-2025-08-17-a-las-22.09.10_e35f786a.jpg 1600w\" sizes=\"(max-width: 1024px) 100vw, 1024px\" \/><\/figure>\n","protected":false},"excerpt":{"rendered":"<p>Gira educativa al Jard\u00edn Bot\u00e1nico Lankester El pasado 8 de mayo, los estudiantes de noveno a\u00f1o realizaron una enriquecedora gira educativa al Jard\u00edn Bot\u00e1nico Lankester por parte del Laboratorio de Ciencias Naturales, donde pudieron apreciar la biodiversidad de plantas nacionales e internacionales, as\u00ed como aprender sobre la importancia de la conservaci\u00f3n y el cuidado del [&hellip;]<\/p>\n","protected":false},"author":1,"featured_media":0,"parent":0,"menu_order":0,"comment_status":"closed","ping_status":"closed","template":"","meta":{"om_disable_all_campaigns":false,"_monsterinsights_skip_tracking":false,"_monsterinsights_sitenote_active":false,"_monsterinsights_sitenote_note":"","_monsterinsights_sitenote_category":0,"footnotes":""},"_links":{"self":[{"href":"https:\/\/revista.cmdpguadalupecr.com\/index.php?rest_route=\/wp\/v2\/pages\/822"}],"collection":[{"href":"https:\/\/revista.cmdpguadalupecr.com\/index.php?rest_route=\/wp\/v2\/pages"}],"about":[{"href":"https:\/\/revista.cmdpguadalupecr.com\/index.php?rest_route=\/wp\/v2\/types\/page"}],"author":[{"embeddable":true,"href":"https:\/\/revista.cmdpguadalupecr.com\/index.php?rest_route=\/wp\/v2\/users\/1"}],"replies":[{"embeddable":true,"href":"https:\/\/revista.cmdpguadalupecr.com\/index.php?rest_route=%2Fwp%2Fv2%2Fcomments&post=822"}],"version-history":[{"count":56,"href":"https:\/\/revista.cmdpguadalupecr.com\/index.php?rest_route=\/wp\/v2\/pages\/822\/revisions"}],"predecessor-version":[{"id":1849,"href":"https:\/\/revista.cmdpguadalupecr.com\/index.php?rest_route=\/wp\/v2\/pages\/822\/revisions\/1849"}],"wp:attachment":[{"href":"https:\/\/revista.cmdpguadalupecr.com\/index.php?rest_route=%2Fwp%2Fv2%2Fmedia&parent=822"}],"curies":[{"name":"wp","href":"https:\/\/api.w.org\/{rel}","templated":true}]}}