{"id":25,"date":"2023-09-13T21:52:52","date_gmt":"2023-09-14T03:52:52","guid":{"rendered":"https:\/\/revista.cmdpguadalupecr.com\/?page_id=25"},"modified":"2025-08-28T22:41:21","modified_gmt":"2025-08-29T04:41:21","slug":"acerca-de-nosotros","status":"publish","type":"page","link":"https:\/\/revista.cmdpguadalupecr.com\/?page_id=25","title":{"rendered":"Acerca de nosotros"},"content":{"rendered":"\n<p class=\"has-upper-heading-font-size\"><strong>La Revista CMDP surge como un espacio creado por y para estudiantes del Colegio, con el objetivo de despertar la curiosidad, dar voz a las ideas y proyectar el talento juvenil.<\/strong><\/p>\n\n\n\n<p class=\"has-upper-heading-font-size\"><strong>Nacida en el a\u00f1o 2021, esta revista es el reflejo de una comunidad educativa en constante movimiento, donde el pensamiento cr\u00edtico, la creatividad y el esp\u00edritu investigativo se unen para formar contenido con identidad propia.<\/strong><\/p>\n\n\n\n<p class=\"has-upper-heading-font-size\"><strong>Misi\u00f3n:<\/strong><br><strong>Impulsar la expresi\u00f3n estudiantil a trav\u00e9s de art\u00edculos de opini\u00f3n, investigaciones escolares y producciones creativas, promoviendo la reflexi\u00f3n, la participaci\u00f3n activa y el desarrollo integral de los estudiantes.<\/strong><\/p>\n\n\n\n<p class=\"has-upper-heading-font-size\"><strong>Visi\u00f3n:<\/strong><br><strong>Consolidarse como un medio escolar din\u00e1mico, libre y formativo, que inspire a los j\u00f3venes a pensar, crear y opinar con responsabilidad, construyendo puentes entre el conocimiento, el arte y la realidad.<\/strong><\/p>\n\n\n<p>\u00a0<\/p>\n<p><img fetchpriority=\"high\" decoding=\"async\" src=\"https:\/\/revista.cmdpguadalupecr.com\/wp-content\/uploads\/2025\/04\/01.png\" sizes=\"(max-width: 1024px) 100vw, 1024px\" srcset=\"https:\/\/revista.cmdpguadalupecr.com\/wp-content\/uploads\/2025\/04\/01.png 1025w, https:\/\/revista.cmdpguadalupecr.com\/wp-content\/uploads\/2025\/04\/01-300x138.png 300w, https:\/\/revista.cmdpguadalupecr.com\/wp-content\/uploads\/2025\/04\/01-768x354.png 768w\" alt=\"\" width=\"1024\" height=\"473\" \/><\/p>\n<ul>\n<li>\n<h6>Dalvin Rodr\u00edguez\u00a0 Editor y coordinador general\u00a0<\/h6>\n<\/li>\n<li>\n<h6>Luis Granados\u00a0 Dise\u00f1o y coordinador.<\/h6>\n<\/li>\n<li>\n<h6>Allen Brenes\u00a0 Entrevistador y presentador<\/h6>\n<\/li>\n<li>\n<h6>Santiago Arguello\u00a0 Fotograf\u00eda y video<\/h6>\n<\/li>\n<li>\n<h6>Fabricio Mora\u00a0 Redes sociales y coberturas\u00a0<\/h6>\n<\/li>\n<li>\n<h6>Santiago Quir\u00f3s\u00a0 \u00c1rea Cultural y coberturas\u00a0<\/h6>\n<\/li>\n<li>\n<h6>Amanda Quir\u00f3s\u00a0 Presentadora y redes sociales<\/h6>\n<\/li>\n<li>\n<h6>Camila Ugalde\u00a0 Presentadora y redes sociales<\/h6>\n<\/li>\n<li>\n<h6>Josu\u00e9 Sibaja\u00a0 Video y\u00a0 coberturas en vivo<\/h6>\n<\/li>\n<li>\n<h6>Dar\u00edo Ulate\u00a0 Coberturas en vivo<\/h6>\n<\/li>\n<\/ul>","protected":false},"excerpt":{"rendered":"<p>La Revista CMDP surge como un espacio creado por y para estudiantes del Colegio, con el objetivo de despertar la curiosidad, dar voz a las ideas y proyectar el talento juvenil. Nacida en el a\u00f1o 2021, esta revista es el reflejo de una comunidad educativa en constante movimiento, donde el pensamiento cr\u00edtico, la creatividad y [&hellip;]<\/p>\n","protected":false},"author":1,"featured_media":0,"parent":0,"menu_order":0,"comment_status":"closed","ping_status":"closed","template":"elementor_theme","meta":{"om_disable_all_campaigns":false,"_monsterinsights_skip_tracking":false,"_monsterinsights_sitenote_active":false,"_monsterinsights_sitenote_note":"","_monsterinsights_sitenote_category":0,"footnotes":""},"_links":{"self":[{"href":"https:\/\/revista.cmdpguadalupecr.com\/index.php?rest_route=\/wp\/v2\/pages\/25"}],"collection":[{"href":"https:\/\/revista.cmdpguadalupecr.com\/index.php?rest_route=\/wp\/v2\/pages"}],"about":[{"href":"https:\/\/revista.cmdpguadalupecr.com\/index.php?rest_route=\/wp\/v2\/types\/page"}],"author":[{"embeddable":true,"href":"https:\/\/revista.cmdpguadalupecr.com\/index.php?rest_route=\/wp\/v2\/users\/1"}],"replies":[{"embeddable":true,"href":"https:\/\/revista.cmdpguadalupecr.com\/index.php?rest_route=%2Fwp%2Fv2%2Fcomments&post=25"}],"version-history":[{"count":65,"href":"https:\/\/revista.cmdpguadalupecr.com\/index.php?rest_route=\/wp\/v2\/pages\/25\/revisions"}],"predecessor-version":[{"id":1859,"href":"https:\/\/revista.cmdpguadalupecr.com\/index.php?rest_route=\/wp\/v2\/pages\/25\/revisions\/1859"}],"wp:attachment":[{"href":"https:\/\/revista.cmdpguadalupecr.com\/index.php?rest_route=%2Fwp%2Fv2%2Fmedia&parent=25"}],"curies":[{"name":"wp","href":"https:\/\/api.w.org\/{rel}","templated":true}]}}