{"id":24,"date":"2023-09-13T21:52:52","date_gmt":"2023-09-14T03:52:52","guid":{"rendered":"https:\/\/revista.cmdpguadalupecr.com\/?page_id=24"},"modified":"2025-08-29T09:37:02","modified_gmt":"2025-08-29T15:37:02","slug":"entretenimiento","status":"publish","type":"page","link":"https:\/\/revista.cmdpguadalupecr.com\/?page_id=24","title":{"rendered":"Entretenimiento"},"content":{"rendered":"\n<figure><img decoding=\"async\" src=\"https:\/\/revista.cmdpguadalupecr.com\/wp-content\/uploads\/2025\/08\/image-1.png\" alt=\"\"\/><\/figure>\n\n\n<p><strong><em>Desde una galaxia remota, un reci\u00e9n nacido es enviado por sus padres al espacio debido a la inminente destrucci\u00f3n del planeta donde viven. La nave aterriza en la Tierra, y el ni\u00f1o es adoptado por unos granjeros que le inculcan los mejores valores humanos. Con los a\u00f1os, el joven se ir\u00e1 a Metr\u00f3polis y all\u00ed usar\u00e1 sus poderes sobrenaturales para luchar contra el mal.<\/em><\/strong><\/p>\n\n\n<figure><video controls src=\"https:\/\/revista.cmdpguadalupecr.com\/wp-content\/uploads\/2025\/08\/1.Superman.1.The_.Movie_.1978.1080p.x265-1.mkv\"><\/video><\/figure>\n\t\t\n\t\t\t<style>\/*! elementor - v3.20.0 - 10-04-2024 *\/\n.elementor-widget-image{text-align:center}.elementor-widget-image a{display:inline-block}.elementor-widget-image a img[src$=\".svg\"]{width:48px}.elementor-widget-image img{vertical-align:middle;display:inline-block}<\/style>\t\t\t\t\t\t\t\t\t\t<img fetchpriority=\"high\" decoding=\"async\" width=\"683\" height=\"268\" src=\"https:\/\/revista.cmdpguadalupecr.com\/wp-content\/uploads\/2025\/08\/elio.png\" alt=\"\" srcset=\"https:\/\/revista.cmdpguadalupecr.com\/wp-content\/uploads\/2025\/08\/elio.png 683w, https:\/\/revista.cmdpguadalupecr.com\/wp-content\/uploads\/2025\/08\/elio-300x118.png 300w\" sizes=\"(max-width: 683px) 100vw, 683px\" \/>\t\t\t\t\t\t\t\t\t\t\t\t\t\n\t\thttps:\/\/revista.cmdpguadalupecr.com\/wp-content\/uploads\/2025\/08\/Elio-2025.mkvhttps:\/\/www.youtube.com\/watch?v=K0siYUjV9UM","protected":false},"excerpt":{"rendered":"<p>Desde una galaxia remota, un reci\u00e9n nacido es enviado por sus padres al espacio debido a la inminente destrucci\u00f3n del planeta donde viven. La nave aterriza en la Tierra, y el ni\u00f1o es adoptado por unos granjeros que le inculcan los mejores valores humanos. Con los a\u00f1os, el joven se ir\u00e1 a Metr\u00f3polis y all\u00ed [&hellip;]<\/p>\n","protected":false},"author":1,"featured_media":0,"parent":0,"menu_order":0,"comment_status":"closed","ping_status":"closed","template":"","meta":{"om_disable_all_campaigns":false,"_monsterinsights_skip_tracking":false,"_monsterinsights_sitenote_active":false,"_monsterinsights_sitenote_note":"","_monsterinsights_sitenote_category":0,"footnotes":""},"_links":{"self":[{"href":"https:\/\/revista.cmdpguadalupecr.com\/index.php?rest_route=\/wp\/v2\/pages\/24"}],"collection":[{"href":"https:\/\/revista.cmdpguadalupecr.com\/index.php?rest_route=\/wp\/v2\/pages"}],"about":[{"href":"https:\/\/revista.cmdpguadalupecr.com\/index.php?rest_route=\/wp\/v2\/types\/page"}],"author":[{"embeddable":true,"href":"https:\/\/revista.cmdpguadalupecr.com\/index.php?rest_route=\/wp\/v2\/users\/1"}],"replies":[{"embeddable":true,"href":"https:\/\/revista.cmdpguadalupecr.com\/index.php?rest_route=%2Fwp%2Fv2%2Fcomments&post=24"}],"version-history":[{"count":169,"href":"https:\/\/revista.cmdpguadalupecr.com\/index.php?rest_route=\/wp\/v2\/pages\/24\/revisions"}],"predecessor-version":[{"id":2174,"href":"https:\/\/revista.cmdpguadalupecr.com\/index.php?rest_route=\/wp\/v2\/pages\/24\/revisions\/2174"}],"wp:attachment":[{"href":"https:\/\/revista.cmdpguadalupecr.com\/index.php?rest_route=%2Fwp%2Fv2%2Fmedia&parent=24"}],"curies":[{"name":"wp","href":"https:\/\/api.w.org\/{rel}","templated":true}]}}