{"id":20,"date":"2023-09-13T21:52:51","date_gmt":"2023-09-14T03:52:51","guid":{"rendered":"https:\/\/revista.cmdpguadalupecr.com\/?page_id=20"},"modified":"2025-08-28T07:47:42","modified_gmt":"2025-08-28T13:47:42","slug":"entrevista-a-personaje","status":"publish","type":"page","link":"https:\/\/revista.cmdpguadalupecr.com\/?page_id=20","title":{"rendered":"Conversaciones que inspiran"},"content":{"rendered":"\n<div style=\"height:100px\" aria-hidden=\"true\" class=\"wp-block-spacer\"><\/div>\n\n\n\n<p class=\"has-upper-heading-font-size\">Nos complace presentar esta entrevista con la Hermana Miriam Rojas, exalumna y formadora en la Comunidad Divino Pastor, una historia de servicio y educaci\u00f3n en una vida realizada.<style>\/*! elementor - v3.20.0 - 10-04-2024 *\/&lt;br \/> .elementor-widget-image{text-align:center}.elementor-widget-image a{display:inline-block}.elementor-widget-image a img[src$=\".svg\"]{width:48px}.elementor-widget-image img{vertical-align:middle;display:inline-block}<\/style><\/p>\n\n\n\n<figure class=\"wp-block-video\"><video controls src=\"https:\/\/revista.cmdpguadalupecr.com\/wp-content\/uploads\/2025\/08\/Hna-Miriam-rojas-final.mp4\"><\/video><\/figure>\n\n\n\n<div style=\"height:126px\" aria-hidden=\"true\" class=\"wp-block-spacer\"><\/div>\n\n\n\n<p class=\"has-normal-font-size\">La psic\u00f3loga Mar\u00eda Obando nos cuenta de su vida , una historia impresionante de supervivencia y fortaleza ante la adversidad.<\/p>\n\n\n\n<figure class=\"wp-block-video\"><video controls src=\"https:\/\/revista.cmdpguadalupecr.com\/wp-content\/uploads\/2025\/08\/Maria-2.mp4\"><\/video><\/figure>\n","protected":false},"excerpt":{"rendered":"<p>Nos complace presentar esta entrevista con la Hermana Miriam Rojas, exalumna y formadora en la Comunidad Divino Pastor, una historia de servicio y educaci\u00f3n en una vida realizada. La psic\u00f3loga Mar\u00eda Obando nos cuenta de su vida , una historia impresionante de supervivencia y fortaleza ante la adversidad.<\/p>\n","protected":false},"author":1,"featured_media":0,"parent":0,"menu_order":0,"comment_status":"closed","ping_status":"closed","template":"","meta":{"om_disable_all_campaigns":false,"_monsterinsights_skip_tracking":false,"_monsterinsights_sitenote_active":false,"_monsterinsights_sitenote_note":"","_monsterinsights_sitenote_category":0,"footnotes":""},"_links":{"self":[{"href":"https:\/\/revista.cmdpguadalupecr.com\/index.php?rest_route=\/wp\/v2\/pages\/20"}],"collection":[{"href":"https:\/\/revista.cmdpguadalupecr.com\/index.php?rest_route=\/wp\/v2\/pages"}],"about":[{"href":"https:\/\/revista.cmdpguadalupecr.com\/index.php?rest_route=\/wp\/v2\/types\/page"}],"author":[{"embeddable":true,"href":"https:\/\/revista.cmdpguadalupecr.com\/index.php?rest_route=\/wp\/v2\/users\/1"}],"replies":[{"embeddable":true,"href":"https:\/\/revista.cmdpguadalupecr.com\/index.php?rest_route=%2Fwp%2Fv2%2Fcomments&post=20"}],"version-history":[{"count":75,"href":"https:\/\/revista.cmdpguadalupecr.com\/index.php?rest_route=\/wp\/v2\/pages\/20\/revisions"}],"predecessor-version":[{"id":1857,"href":"https:\/\/revista.cmdpguadalupecr.com\/index.php?rest_route=\/wp\/v2\/pages\/20\/revisions\/1857"}],"wp:attachment":[{"href":"https:\/\/revista.cmdpguadalupecr.com\/index.php?rest_route=%2Fwp%2Fv2%2Fmedia&parent=20"}],"curies":[{"name":"wp","href":"https:\/\/api.w.org\/{rel}","templated":true}]}}