{"id":17,"date":"2023-09-13T21:52:51","date_gmt":"2023-09-14T03:52:51","guid":{"rendered":"https:\/\/revista.cmdpguadalupecr.com\/?page_id=17"},"modified":"2025-08-28T22:41:37","modified_gmt":"2025-08-29T04:41:37","slug":"editorial","status":"publish","type":"page","link":"https:\/\/revista.cmdpguadalupecr.com\/?page_id=17","title":{"rendered":"Voces en Perspectiva"},"content":{"rendered":"\n<h4 class=\"wp-block-heading\">&nbsp;<\/h4>\n\n\n\n<p class=\"has-upper-heading-font-size\">La partida del Papa Francisco dej\u00f3 una tristeza muy grande en los corazones de todos los cristianos y de diferentes religiones; ya que el Papa Francisco se gan\u00f3 los corazones de muchos cristianos por su vida humilde y ejemplar.<\/p>\n\n\n\n<figure class=\"wp-block-image size-full\"><img fetchpriority=\"high\" decoding=\"async\" width=\"683\" height=\"327\" src=\"https:\/\/revista.cmdpguadalupecr.com\/wp-content\/uploads\/2025\/08\/image-2.png\" alt=\"\" class=\"wp-image-1889\" srcset=\"https:\/\/revista.cmdpguadalupecr.com\/wp-content\/uploads\/2025\/08\/image-2.png 683w, https:\/\/revista.cmdpguadalupecr.com\/wp-content\/uploads\/2025\/08\/image-2-300x144.png 300w\" sizes=\"(max-width: 683px) 100vw, 683px\" \/><\/figure>\n\n\n\n<p class=\"has-upper-heading-font-size\">La iglesia de Dios estaba a la expectativa de quien ser\u00e1 el nuevo Papa, quien ser\u00e1 el que gu\u00ede al pueblo de Dios, por un momento la humanidad se qued\u00f3 en silencio, se queda en suspenso y a la expectativa a la voluntad de Dios. Una vez m\u00e1s, se repite la historia cuando el mundo entero y la creaci\u00f3n guard\u00f3 silencio para escuchar la respuesta de la virgen Mar\u00eda, al \u00e1ngel Gabriel. Mar\u00eda, pronuncia ese s\u00ed, el \u00a1h\u00e1gase en mi lo que has dicho! La creaci\u00f3n goza de alegr\u00eda. &nbsp;Es la misma escena en donde hoy la humanidad entera, creyente y no creyente queda en silencio, esperando el nuevo sucesor de Pedro, que caminar\u00e1 con el pueblo de Dios.<\/p>\n\n\n\n<p class=\"has-upper-heading-font-size\">La humanidad se une en oraci\u00f3n, \u00a1Se\u00f1or derrama tu gracia y danos a un nuevo pastor que lidere a tu reba\u00f1o!, El Se\u00f1or Jes\u00fas escuch\u00f3 la oraci\u00f3n de su pueblo, y se escucha un grito \u00a1Habemus Papam! El reba\u00f1o de Jesucristo se llena de emoci\u00f3n, llega la alegr\u00eda a los corazones de cada persona peque\u00f1os y grandes, entre gritos de entusiasmo y l\u00e1grimas en sus rostros se re\u00fanen para dar gracias y Gloria a Dios por el nuevo pont\u00edfice.<\/p>\n\n\n\n<p class=\"has-upper-heading-font-size\">El Colegio Madre del Divino Pastor, se une a este gran acontecimiento, \u00fanico e irrepetible, por lo que estudiantes, docentes y personal administrativo se congregan para celebrar las maravillas del Se\u00f1or, sobre todo, por darnos al pastor que guiar\u00e1 su Iglesia en los pr\u00f3ximos a\u00f1os, el Papa Le\u00f3n XIV. Un hombre humilde que ha compartido muchas experiencias con gente sencilla.<\/p>\n\n\n\n<p class=\"has-upper-heading-font-size\">Esta es la experiencia vivida en el colegio Madre del Divino Pastor y con ellos tambi\u00e9n las Capuchinas.<\/p>\n\n\n\n<figure class=\"wp-block-image size-full\"><img decoding=\"async\" width=\"202\" height=\"248\" src=\"https:\/\/revista.cmdpguadalupecr.com\/wp-content\/uploads\/2025\/08\/image-3.png\" alt=\"\" class=\"wp-image-1890\"\/><\/figure>\n\n\n\n<p><style>\/*! elementor - v3.20.0 - 10-04-2024 *\/<br \/>\n.elementor-widget-image{text-align:center}.elementor-widget-image a{display:inline-block}.elementor-widget-image a img[src$=\".svg\"]{width:48px}.elementor-widget-image img{vertical-align:middle;display:inline-block}<\/style><\/p>\n\n\n\n<h5 class=\"wp-block-heading\">Hna. Elieth vallecillo<\/h5>\n","protected":false},"excerpt":{"rendered":"<p>&nbsp; La partida del Papa Francisco dej\u00f3 una tristeza muy grande en los corazones de todos los cristianos y de diferentes religiones; ya que el Papa Francisco se gan\u00f3 los corazones de muchos cristianos por su vida humilde y ejemplar. La iglesia de Dios estaba a la expectativa de quien ser\u00e1 el nuevo Papa, quien [&hellip;]<\/p>\n","protected":false},"author":1,"featured_media":0,"parent":0,"menu_order":0,"comment_status":"closed","ping_status":"closed","template":"","meta":{"om_disable_all_campaigns":false,"_monsterinsights_skip_tracking":false,"_monsterinsights_sitenote_active":false,"_monsterinsights_sitenote_note":"","_monsterinsights_sitenote_category":0,"footnotes":""},"_links":{"self":[{"href":"https:\/\/revista.cmdpguadalupecr.com\/index.php?rest_route=\/wp\/v2\/pages\/17"}],"collection":[{"href":"https:\/\/revista.cmdpguadalupecr.com\/index.php?rest_route=\/wp\/v2\/pages"}],"about":[{"href":"https:\/\/revista.cmdpguadalupecr.com\/index.php?rest_route=\/wp\/v2\/types\/page"}],"author":[{"embeddable":true,"href":"https:\/\/revista.cmdpguadalupecr.com\/index.php?rest_route=\/wp\/v2\/users\/1"}],"replies":[{"embeddable":true,"href":"https:\/\/revista.cmdpguadalupecr.com\/index.php?rest_route=%2Fwp%2Fv2%2Fcomments&post=17"}],"version-history":[{"count":72,"href":"https:\/\/revista.cmdpguadalupecr.com\/index.php?rest_route=\/wp\/v2\/pages\/17\/revisions"}],"predecessor-version":[{"id":1891,"href":"https:\/\/revista.cmdpguadalupecr.com\/index.php?rest_route=\/wp\/v2\/pages\/17\/revisions\/1891"}],"wp:attachment":[{"href":"https:\/\/revista.cmdpguadalupecr.com\/index.php?rest_route=%2Fwp%2Fv2%2Fmedia&parent=17"}],"curies":[{"name":"wp","href":"https:\/\/api.w.org\/{rel}","templated":true}]}}